{"id":165,"date":"2019-07-19T12:51:42","date_gmt":"2019-07-19T10:51:42","guid":{"rendered":"https:\/\/xn--hdeken-wxa.de\/musikkapellehoedeken2026\/2019\/07\/19\/register-2023\/"},"modified":"2026-04-11T14:27:57","modified_gmt":"2026-04-11T12:27:57","slug":"register","status":"publish","type":"page","link":"https:\/\/xn--hdeken-wxa.de\/musikkapellehoedeken\/register\/","title":{"rendered":"Register"},"content":{"rendered":"<div class=\"text-center\">\n<h4 style=\"text-align: center;\">Im Mai 2023 haben wir aktuelle Fotos der Register erstellen lassen<\/h4>\n<p style=\"text-align: center;\">Vielen dank an Lotti B\u00f6 Fotografie f\u00fcr die Fotos<\/p>\n<p style=\"text-align: center;\"><a href=\"https:\/\/www.lottiboe.de\" target=\"_blank\" rel=\"noopener\">Zur Website von Lotti B\u00f6 Fotografie<\/a><\/p>\n<\/div>\n\n<div class=\"wp-block-image\">\n<figure class=\"aligncenter size-full\"><img loading=\"lazy\" decoding=\"async\" width=\"512\" height=\"512\" src=\"https:\/\/xn--hdeken-wxa.de\/musikkapellehoedeken2026\/wp-content\/uploads\/2019\/07\/cropped-icon-512x512-1.png\" alt=\"Bild vom Dirigenten\" class=\"wp-image-277\" srcset=\"https:\/\/xn--hdeken-wxa.de\/musikkapellehoedeken\/wp-content\/uploads\/2019\/07\/cropped-icon-512x512-1.png 512w, https:\/\/xn--hdeken-wxa.de\/musikkapellehoedeken\/wp-content\/uploads\/2019\/07\/cropped-icon-512x512-1-300x300.png 300w, https:\/\/xn--hdeken-wxa.de\/musikkapellehoedeken\/wp-content\/uploads\/2019\/07\/cropped-icon-512x512-1-150x150.png 150w, https:\/\/xn--hdeken-wxa.de\/musikkapellehoedeken\/wp-content\/uploads\/2019\/07\/cropped-icon-512x512-1-270x270.png 270w, https:\/\/xn--hdeken-wxa.de\/musikkapellehoedeken\/wp-content\/uploads\/2019\/07\/cropped-icon-512x512-1-192x192.png 192w, https:\/\/xn--hdeken-wxa.de\/musikkapellehoedeken\/wp-content\/uploads\/2019\/07\/cropped-icon-512x512-1-180x180.png 180w, https:\/\/xn--hdeken-wxa.de\/musikkapellehoedeken\/wp-content\/uploads\/2019\/07\/cropped-icon-512x512-1-32x32.png 32w\" sizes=\"auto, (max-width: 512px) 100vw, 512px\" \/><\/figure>\n<\/div>\n\n\n<h2 class=\"wp-block-heading has-text-align-center\">Dirigent<\/h2>\n\n\n\n<p class=\"has-text-align-center\">Stefan Mittwoch<\/p>\n\n\n\n<hr class=\"wp-block-separator has-alpha-channel-opacity\"\/>\n\n\n<div class=\"wp-block-image is-style-rounded\">\n<figure class=\"aligncenter size-full\"><img loading=\"lazy\" decoding=\"async\" width=\"800\" height=\"533\" src=\"https:\/\/xn--hdeken-wxa.de\/musikkapellehoedeken\/wp-content\/uploads\/2019\/07\/Musikkapelle_Hoedeken44.webp\" alt=\"Bild vom Fl\u00f6tenregister\" class=\"wp-image-155\" srcset=\"https:\/\/xn--hdeken-wxa.de\/musikkapellehoedeken\/wp-content\/uploads\/2019\/07\/Musikkapelle_Hoedeken44.webp 800w, https:\/\/xn--hdeken-wxa.de\/musikkapellehoedeken\/wp-content\/uploads\/2019\/07\/Musikkapelle_Hoedeken44-300x200.webp 300w, https:\/\/xn--hdeken-wxa.de\/musikkapellehoedeken\/wp-content\/uploads\/2019\/07\/Musikkapelle_Hoedeken44-768x512.webp 768w\" sizes=\"auto, (max-width: 800px) 100vw, 800px\" \/><\/figure>\n<\/div>\n\n\n<h2 class=\"wp-block-heading has-text-align-center\">Fl\u00f6ten<\/h2>\n\n\n\n<p class=\"has-text-align-center\">von links: Lina Bartels, Johanna Haude, Mattea Gr\u00fcne, Inken Albrecht<br>Es fehlen: Ira Beutnagel, Bianca Swiridow<\/p>\n\n\n\n<hr class=\"wp-block-separator has-alpha-channel-opacity is-style-wide\"\/>\n\n\n<div class=\"wp-block-image is-style-rounded\">\n<figure class=\"aligncenter size-full\"><img loading=\"lazy\" decoding=\"async\" width=\"800\" height=\"533\" src=\"https:\/\/xn--hdeken-wxa.de\/musikkapellehoedeken2026\/wp-content\/uploads\/2019\/07\/Musikkapelle_Hoedeken36.webp\" alt=\"Bild vom Klarinettenregister\" class=\"wp-image-156\" srcset=\"https:\/\/xn--hdeken-wxa.de\/musikkapellehoedeken\/wp-content\/uploads\/2019\/07\/Musikkapelle_Hoedeken36.webp 800w, https:\/\/xn--hdeken-wxa.de\/musikkapellehoedeken\/wp-content\/uploads\/2019\/07\/Musikkapelle_Hoedeken36-300x200.webp 300w, https:\/\/xn--hdeken-wxa.de\/musikkapellehoedeken\/wp-content\/uploads\/2019\/07\/Musikkapelle_Hoedeken36-768x512.webp 768w\" sizes=\"auto, (max-width: 800px) 100vw, 800px\" \/><\/figure>\n<\/div>\n\n\n<h2 class=\"wp-block-heading has-text-align-center\">Klarinetten<\/h2>\n\n\n\n<p class=\"has-text-align-center\">von links: Jan-Luca Mangas, Celina Kosler, Jane Kosler, Jana Ulber, Franziska Wolter<br>Es fehlt: Carmen Kosler, Cecilia Hanke, Johannes Franke<\/p>\n\n\n\n<hr class=\"wp-block-separator has-alpha-channel-opacity is-style-wide\"\/>\n\n\n<div class=\"wp-block-image is-style-rounded\">\n<figure class=\"aligncenter size-large\"><img loading=\"lazy\" decoding=\"async\" width=\"683\" height=\"1024\" src=\"https:\/\/xn--hdeken-wxa.de\/musikkapellehoedeken2026\/wp-content\/uploads\/2019\/07\/Musikkapelle_Hoedeken6-683x1024.webp\" alt=\"Bild vom Hornregister\" class=\"wp-image-157\" srcset=\"https:\/\/xn--hdeken-wxa.de\/musikkapellehoedeken\/wp-content\/uploads\/2019\/07\/Musikkapelle_Hoedeken6-683x1024.webp 683w, https:\/\/xn--hdeken-wxa.de\/musikkapellehoedeken\/wp-content\/uploads\/2019\/07\/Musikkapelle_Hoedeken6-200x300.webp 200w, https:\/\/xn--hdeken-wxa.de\/musikkapellehoedeken\/wp-content\/uploads\/2019\/07\/Musikkapelle_Hoedeken6-768x1152.webp 768w, https:\/\/xn--hdeken-wxa.de\/musikkapellehoedeken\/wp-content\/uploads\/2019\/07\/Musikkapelle_Hoedeken6.webp 800w\" sizes=\"auto, (max-width: 683px) 100vw, 683px\" \/><\/figure>\n<\/div>\n\n\n<h2 class=\"wp-block-heading has-text-align-center\">Horn<\/h2>\n\n\n\n<p class=\"has-text-align-center\">Susanna Nehrig<br>Es fehlt: Olaf Kaiser<\/p>\n\n\n\n<hr class=\"wp-block-separator has-alpha-channel-opacity is-style-wide\"\/>\n\n\n<div class=\"wp-block-image is-style-rounded\">\n<figure class=\"aligncenter size-full\"><img loading=\"lazy\" decoding=\"async\" width=\"800\" height=\"533\" src=\"https:\/\/xn--hdeken-wxa.de\/musikkapellehoedeken2026\/wp-content\/uploads\/2019\/07\/Musikkapelle_Hoedeken73.webp\" alt=\"Bild vom Percussionregister\" class=\"wp-image-158\" srcset=\"https:\/\/xn--hdeken-wxa.de\/musikkapellehoedeken\/wp-content\/uploads\/2019\/07\/Musikkapelle_Hoedeken73.webp 800w, https:\/\/xn--hdeken-wxa.de\/musikkapellehoedeken\/wp-content\/uploads\/2019\/07\/Musikkapelle_Hoedeken73-300x200.webp 300w, https:\/\/xn--hdeken-wxa.de\/musikkapellehoedeken\/wp-content\/uploads\/2019\/07\/Musikkapelle_Hoedeken73-768x512.webp 768w\" sizes=\"auto, (max-width: 800px) 100vw, 800px\" \/><\/figure>\n<\/div>\n\n\n<h2 class=\"wp-block-heading has-text-align-center\">Percussion<\/h2>\n\n\n\n<p class=\"has-text-align-center\">von Links: Lennart Gr\u00fcne, Bastian Albrecht, Jan Kerner<br>Es fehlt: Maik Swiridow, Luca Swiridow<\/p>\n\n\n\n<hr class=\"wp-block-separator has-alpha-channel-opacity is-style-wide\"\/>\n\n\n<div class=\"wp-block-image is-style-rounded\">\n<figure class=\"aligncenter size-full is-resized\"><img loading=\"lazy\" decoding=\"async\" width=\"800\" height=\"533\" src=\"https:\/\/xn--hdeken-wxa.de\/musikkapellehoedeken\/wp-content\/uploads\/2019\/07\/Musikkapelle_Hoedeken27.webp\" alt=\"Bild vom Saxophonregister\" class=\"wp-image-159\" style=\"width:800px;height:auto\" srcset=\"https:\/\/xn--hdeken-wxa.de\/musikkapellehoedeken\/wp-content\/uploads\/2019\/07\/Musikkapelle_Hoedeken27.webp 800w, https:\/\/xn--hdeken-wxa.de\/musikkapellehoedeken\/wp-content\/uploads\/2019\/07\/Musikkapelle_Hoedeken27-300x200.webp 300w, https:\/\/xn--hdeken-wxa.de\/musikkapellehoedeken\/wp-content\/uploads\/2019\/07\/Musikkapelle_Hoedeken27-768x512.webp 768w\" sizes=\"auto, (max-width: 800px) 100vw, 800px\" \/><\/figure>\n<\/div>\n\n\n<h2 class=\"wp-block-heading has-text-align-center\">Saxophone<\/h2>\n\n\n\n<p class=\"has-text-align-center\">von Links: Bianca Oppermann, Melanie P\u00fclm, Lea Beutnagel, Aiyana P\u00fclm, Alexandra Beutnagel, Mareile G\u00f6decke, Maarten P\u00fclm, Matthias P\u00fclm<br>Es fehlen: Jasmin Sievers, J\u00fcrgen Froese, Katrin Golz,<\/p>\n\n\n\n<hr class=\"wp-block-separator has-alpha-channel-opacity is-style-wide\"\/>\n\n\n<div class=\"wp-block-image is-style-rounded\">\n<figure class=\"aligncenter size-full\"><img loading=\"lazy\" decoding=\"async\" width=\"800\" height=\"533\" src=\"https:\/\/xn--hdeken-wxa.de\/musikkapellehoedeken2026\/wp-content\/uploads\/2019\/07\/Musikkapelle_Hoedeken21.webp\" alt=\"Bild vom Bariton und Tenorhornregister\" class=\"wp-image-160\" srcset=\"https:\/\/xn--hdeken-wxa.de\/musikkapellehoedeken\/wp-content\/uploads\/2019\/07\/Musikkapelle_Hoedeken21.webp 800w, https:\/\/xn--hdeken-wxa.de\/musikkapellehoedeken\/wp-content\/uploads\/2019\/07\/Musikkapelle_Hoedeken21-300x200.webp 300w, https:\/\/xn--hdeken-wxa.de\/musikkapellehoedeken\/wp-content\/uploads\/2019\/07\/Musikkapelle_Hoedeken21-768x512.webp 768w\" sizes=\"auto, (max-width: 800px) 100vw, 800px\" \/><\/figure>\n<\/div>\n\n\n<h2 class=\"wp-block-heading has-text-align-center\">Bariton \/Tenorhorn<\/h2>\n\n\n\n<p class=\"has-text-align-center\">von Links: Mathis W\u00f6llm, Andreas W\u00f6llm, Dennis Markgr\u00e4fe-Juretzka, David Oppermann<br>Es fehlt: Martin Wolter<\/p>\n\n\n\n<hr class=\"wp-block-separator has-alpha-channel-opacity is-style-wide\"\/>\n\n\n\n<figure class=\"wp-block-image size-large is-style-rounded\"><img loading=\"lazy\" decoding=\"async\" width=\"800\" height=\"533\" src=\"https:\/\/xn--hdeken-wxa.de\/musikkapellehoedeken\/wp-content\/uploads\/2019\/07\/Musikkapelle_Hoedeken18.webp\" alt=\"\" class=\"wp-image-161\" srcset=\"https:\/\/xn--hdeken-wxa.de\/musikkapellehoedeken\/wp-content\/uploads\/2019\/07\/Musikkapelle_Hoedeken18.webp 800w, https:\/\/xn--hdeken-wxa.de\/musikkapellehoedeken\/wp-content\/uploads\/2019\/07\/Musikkapelle_Hoedeken18-300x200.webp 300w, https:\/\/xn--hdeken-wxa.de\/musikkapellehoedeken\/wp-content\/uploads\/2019\/07\/Musikkapelle_Hoedeken18-768x512.webp 768w\" sizes=\"auto, (max-width: 800px) 100vw, 800px\" \/><\/figure>\n\n\n\n<h2 class=\"wp-block-heading has-text-align-center card-title\">Fl\u00fcgelhorn\/Trompete<\/h2>\n\n\n\n<p class=\"card-text\">Melanie Witte-Markgr\u00e4fe, Michael Einzinger, Laura Schr\u00f6ter, J\u00fcrgen Treller, Nele Kiehne<\/p>\n\n\n\n<p>Es fehlt: Nicole Weber, Marco Fischer,<\/p>\n\n\n\n<hr class=\"wp-block-separator has-alpha-channel-opacity is-style-wide\"\/>\n\n\n<div class=\"wp-block-image is-style-rounded\">\n<figure class=\"aligncenter size-large\"><img loading=\"lazy\" decoding=\"async\" width=\"683\" height=\"1024\" src=\"https:\/\/xn--hdeken-wxa.de\/musikkapellehoedeken2026\/wp-content\/uploads\/2019\/07\/Musikkapelle_Hoedeken11-683x1024.webp\" alt=\"Bild vom Tubenregister\" class=\"wp-image-162\" srcset=\"https:\/\/xn--hdeken-wxa.de\/musikkapellehoedeken\/wp-content\/uploads\/2019\/07\/Musikkapelle_Hoedeken11-683x1024.webp 683w, https:\/\/xn--hdeken-wxa.de\/musikkapellehoedeken\/wp-content\/uploads\/2019\/07\/Musikkapelle_Hoedeken11-200x300.webp 200w, https:\/\/xn--hdeken-wxa.de\/musikkapellehoedeken\/wp-content\/uploads\/2019\/07\/Musikkapelle_Hoedeken11-768x1152.webp 768w, https:\/\/xn--hdeken-wxa.de\/musikkapellehoedeken\/wp-content\/uploads\/2019\/07\/Musikkapelle_Hoedeken11.webp 800w\" sizes=\"auto, (max-width: 683px) 100vw, 683px\" \/><\/figure>\n<\/div>\n\n\n<h2 class=\"wp-block-heading has-text-align-center\">Tuba<\/h2>\n\n\n\n<p class=\"has-text-align-center\">von Links: Paul Bartels, Klaus Oberbeck, Hartmut Treller<\/p>\n\n\n\n<hr class=\"wp-block-separator has-alpha-channel-opacity is-style-wide\"\/>\n\n\n<div class=\"wp-block-image is-style-rounded\">\n<figure class=\"aligncenter size-large\"><img loading=\"lazy\" decoding=\"async\" width=\"683\" height=\"1024\" src=\"https:\/\/xn--hdeken-wxa.de\/musikkapellehoedeken2026\/wp-content\/uploads\/2019\/07\/Musikkapelle_Hoedeken2-683x1024.webp\" alt=\"Bild vom Posaunenregister\" class=\"wp-image-163\" srcset=\"https:\/\/xn--hdeken-wxa.de\/musikkapellehoedeken\/wp-content\/uploads\/2019\/07\/Musikkapelle_Hoedeken2-683x1024.webp 683w, https:\/\/xn--hdeken-wxa.de\/musikkapellehoedeken\/wp-content\/uploads\/2019\/07\/Musikkapelle_Hoedeken2-200x300.webp 200w, https:\/\/xn--hdeken-wxa.de\/musikkapellehoedeken\/wp-content\/uploads\/2019\/07\/Musikkapelle_Hoedeken2-768x1152.webp 768w, https:\/\/xn--hdeken-wxa.de\/musikkapellehoedeken\/wp-content\/uploads\/2019\/07\/Musikkapelle_Hoedeken2.webp 800w\" sizes=\"auto, (max-width: 683px) 100vw, 683px\" \/><\/figure>\n<\/div>\n\n\n<h2 class=\"wp-block-heading has-text-align-center\">Posaune<\/h2>\n\n\n\n<p class=\"has-text-align-center\">Detlef Wochnik<\/p>\n\n\n\n<hr class=\"wp-block-separator has-alpha-channel-opacity is-style-wide\"\/>\n\n\n\n<p><\/p>\n","protected":false},"excerpt":{"rendered":"<p>Im Mai 2023 haben wir aktuelle Fotos der Register erstellen lassen Vielen dank an Lotti B\u00f6 Fotografie f\u00fcr die Fotos Zur Website von Lotti B\u00f6 Fotografie Dirigent Stefan Mittwoch Fl\u00f6ten [&hellip;]<\/p>\n","protected":false},"author":1,"featured_media":0,"parent":0,"menu_order":0,"comment_status":"closed","ping_status":"closed","template":"","meta":{"footnotes":""},"class_list":["post-165","page","type-page","status-publish","hentry","entry"],"yoast_head":"<!-- This site is optimized with the Yoast SEO plugin v27.4 - https:\/\/yoast.com\/product\/yoast-seo-wordpress\/ -->\n<title>Register - Musikkapelle H\u00f6deken e.V.<\/title>\n<meta name=\"robots\" content=\"index, follow, max-snippet:-1, max-image-preview:large, max-video-preview:-1\" \/>\n<link rel=\"canonical\" href=\"https:\/\/xn--hdeken-wxa.de\/musikkapellehoedeken\/register\/\" \/>\n<meta property=\"og:locale\" content=\"de_DE\" \/>\n<meta property=\"og:type\" content=\"article\" \/>\n<meta property=\"og:title\" content=\"Register - Musikkapelle H\u00f6deken e.V.\" \/>\n<meta property=\"og:description\" content=\"Im Mai 2023 haben wir aktuelle Fotos der Register erstellen lassen Vielen dank an Lotti B\u00f6 Fotografie f\u00fcr die Fotos Zur Website von Lotti B\u00f6 Fotografie Dirigent Stefan Mittwoch Fl\u00f6ten [&hellip;]\" \/>\n<meta property=\"og:url\" content=\"https:\/\/xn--hdeken-wxa.de\/musikkapellehoedeken\/register\/\" \/>\n<meta property=\"og:site_name\" content=\"Musikkapelle H\u00f6deken e.V.\" \/>\n<meta property=\"article:modified_time\" content=\"2026-04-11T12:27:57+00:00\" \/>\n<meta property=\"og:image\" content=\"https:\/\/xn--hdeken-wxa.de\/musikkapellehoedeken\/wp-content\/uploads\/2019\/07\/cropped-icon-512x512-1.png\" \/>\n\t<meta property=\"og:image:width\" content=\"512\" \/>\n\t<meta property=\"og:image:height\" content=\"512\" \/>\n\t<meta property=\"og:image:type\" content=\"image\/png\" \/>\n<meta name=\"twitter:card\" content=\"summary_large_image\" \/>\n<meta name=\"twitter:label1\" content=\"Gesch\u00e4tzte Lesezeit\" \/>\n\t<meta name=\"twitter:data1\" content=\"3\u00a0Minuten\" \/>\n<script type=\"application\/ld+json\" class=\"yoast-schema-graph\">{\"@context\":\"https:\\\/\\\/schema.org\",\"@graph\":[{\"@type\":\"WebPage\",\"@id\":\"https:\\\/\\\/xn--hdeken-wxa.de\\\/musikkapellehoedeken\\\/register\\\/\",\"url\":\"https:\\\/\\\/xn--hdeken-wxa.de\\\/musikkapellehoedeken\\\/register\\\/\",\"name\":\"Register - Musikkapelle H\u00f6deken e.V.\",\"isPartOf\":{\"@id\":\"https:\\\/\\\/xn--hdeken-wxa.de\\\/musikkapellehoedeken\\\/#website\"},\"primaryImageOfPage\":{\"@id\":\"https:\\\/\\\/xn--hdeken-wxa.de\\\/musikkapellehoedeken\\\/register\\\/#primaryimage\"},\"image\":{\"@id\":\"https:\\\/\\\/xn--hdeken-wxa.de\\\/musikkapellehoedeken\\\/register\\\/#primaryimage\"},\"thumbnailUrl\":\"https:\\\/\\\/xn--hdeken-wxa.de\\\/musikkapellehoedeken2026\\\/wp-content\\\/uploads\\\/2019\\\/07\\\/cropped-icon-512x512-1.png\",\"datePublished\":\"2019-07-19T10:51:42+00:00\",\"dateModified\":\"2026-04-11T12:27:57+00:00\",\"breadcrumb\":{\"@id\":\"https:\\\/\\\/xn--hdeken-wxa.de\\\/musikkapellehoedeken\\\/register\\\/#breadcrumb\"},\"inLanguage\":\"de\",\"potentialAction\":[{\"@type\":\"ReadAction\",\"target\":[\"https:\\\/\\\/xn--hdeken-wxa.de\\\/musikkapellehoedeken\\\/register\\\/\"]}]},{\"@type\":\"ImageObject\",\"inLanguage\":\"de\",\"@id\":\"https:\\\/\\\/xn--hdeken-wxa.de\\\/musikkapellehoedeken\\\/register\\\/#primaryimage\",\"url\":\"https:\\\/\\\/xn--hdeken-wxa.de\\\/musikkapellehoedeken\\\/wp-content\\\/uploads\\\/2019\\\/07\\\/cropped-icon-512x512-1.png\",\"contentUrl\":\"https:\\\/\\\/xn--hdeken-wxa.de\\\/musikkapellehoedeken\\\/wp-content\\\/uploads\\\/2019\\\/07\\\/cropped-icon-512x512-1.png\",\"width\":512,\"height\":512,\"caption\":\"Bild vom Dirigenten\"},{\"@type\":\"BreadcrumbList\",\"@id\":\"https:\\\/\\\/xn--hdeken-wxa.de\\\/musikkapellehoedeken\\\/register\\\/#breadcrumb\",\"itemListElement\":[{\"@type\":\"ListItem\",\"position\":1,\"name\":\"Start\",\"item\":\"https:\\\/\\\/xn--hdeken-wxa.de\\\/musikkapellehoedeken\\\/\"},{\"@type\":\"ListItem\",\"position\":2,\"name\":\"Register\"}]},{\"@type\":\"WebSite\",\"@id\":\"https:\\\/\\\/xn--hdeken-wxa.de\\\/musikkapellehoedeken\\\/#website\",\"url\":\"https:\\\/\\\/xn--hdeken-wxa.de\\\/musikkapellehoedeken\\\/\",\"name\":\"Musikkapelle H\u00f6deken e.V.\",\"description\":\"\",\"publisher\":{\"@id\":\"https:\\\/\\\/xn--hdeken-wxa.de\\\/musikkapellehoedeken\\\/#organization\"},\"potentialAction\":[{\"@type\":\"SearchAction\",\"target\":{\"@type\":\"EntryPoint\",\"urlTemplate\":\"https:\\\/\\\/xn--hdeken-wxa.de\\\/musikkapellehoedeken\\\/?s={search_term_string}\"},\"query-input\":{\"@type\":\"PropertyValueSpecification\",\"valueRequired\":true,\"valueName\":\"search_term_string\"}}],\"inLanguage\":\"de\"},{\"@type\":\"Organization\",\"@id\":\"https:\\\/\\\/xn--hdeken-wxa.de\\\/musikkapellehoedeken\\\/#organization\",\"name\":\"Musikkapelle H\u00f6deken e.V.\",\"url\":\"https:\\\/\\\/xn--hdeken-wxa.de\\\/musikkapellehoedeken\\\/\",\"logo\":{\"@type\":\"ImageObject\",\"inLanguage\":\"de\",\"@id\":\"https:\\\/\\\/xn--hdeken-wxa.de\\\/musikkapellehoedeken\\\/#\\\/schema\\\/logo\\\/image\\\/\",\"url\":\"https:\\\/\\\/xn--hdeken-wxa.de\\\/musikkapellehoedeken2026\\\/wp-content\\\/uploads\\\/2019\\\/07\\\/icon-512x512.png\",\"contentUrl\":\"https:\\\/\\\/xn--hdeken-wxa.de\\\/musikkapellehoedeken2026\\\/wp-content\\\/uploads\\\/2019\\\/07\\\/icon-512x512.png\",\"width\":512,\"height\":512,\"caption\":\"Musikkapelle H\u00f6deken e.V.\"},\"image\":{\"@id\":\"https:\\\/\\\/xn--hdeken-wxa.de\\\/musikkapellehoedeken\\\/#\\\/schema\\\/logo\\\/image\\\/\"},\"sameAs\":[\"https:\\\/\\\/www.instagram.com\\\/musikkapelle_hoedeken\\\/\"]}]}<\/script>\n<!-- \/ Yoast SEO plugin. -->","yoast_head_json":{"title":"Register - Musikkapelle H\u00f6deken e.V.","robots":{"index":"index","follow":"follow","max-snippet":"max-snippet:-1","max-image-preview":"max-image-preview:large","max-video-preview":"max-video-preview:-1"},"canonical":"https:\/\/xn--hdeken-wxa.de\/musikkapellehoedeken\/register\/","og_locale":"de_DE","og_type":"article","og_title":"Register - Musikkapelle H\u00f6deken e.V.","og_description":"Im Mai 2023 haben wir aktuelle Fotos der Register erstellen lassen Vielen dank an Lotti B\u00f6 Fotografie f\u00fcr die Fotos Zur Website von Lotti B\u00f6 Fotografie Dirigent Stefan Mittwoch Fl\u00f6ten [&hellip;]","og_url":"https:\/\/xn--hdeken-wxa.de\/musikkapellehoedeken\/register\/","og_site_name":"Musikkapelle H\u00f6deken e.V.","article_modified_time":"2026-04-11T12:27:57+00:00","og_image":[{"width":512,"height":512,"url":"https:\/\/xn--hdeken-wxa.de\/musikkapellehoedeken\/wp-content\/uploads\/2019\/07\/cropped-icon-512x512-1.png","type":"image\/png"}],"twitter_card":"summary_large_image","twitter_misc":{"Gesch\u00e4tzte Lesezeit":"3\u00a0Minuten"},"schema":{"@context":"https:\/\/schema.org","@graph":[{"@type":"WebPage","@id":"https:\/\/xn--hdeken-wxa.de\/musikkapellehoedeken\/register\/","url":"https:\/\/xn--hdeken-wxa.de\/musikkapellehoedeken\/register\/","name":"Register - Musikkapelle H\u00f6deken e.V.","isPartOf":{"@id":"https:\/\/xn--hdeken-wxa.de\/musikkapellehoedeken\/#website"},"primaryImageOfPage":{"@id":"https:\/\/xn--hdeken-wxa.de\/musikkapellehoedeken\/register\/#primaryimage"},"image":{"@id":"https:\/\/xn--hdeken-wxa.de\/musikkapellehoedeken\/register\/#primaryimage"},"thumbnailUrl":"https:\/\/xn--hdeken-wxa.de\/musikkapellehoedeken2026\/wp-content\/uploads\/2019\/07\/cropped-icon-512x512-1.png","datePublished":"2019-07-19T10:51:42+00:00","dateModified":"2026-04-11T12:27:57+00:00","breadcrumb":{"@id":"https:\/\/xn--hdeken-wxa.de\/musikkapellehoedeken\/register\/#breadcrumb"},"inLanguage":"de","potentialAction":[{"@type":"ReadAction","target":["https:\/\/xn--hdeken-wxa.de\/musikkapellehoedeken\/register\/"]}]},{"@type":"ImageObject","inLanguage":"de","@id":"https:\/\/xn--hdeken-wxa.de\/musikkapellehoedeken\/register\/#primaryimage","url":"https:\/\/xn--hdeken-wxa.de\/musikkapellehoedeken\/wp-content\/uploads\/2019\/07\/cropped-icon-512x512-1.png","contentUrl":"https:\/\/xn--hdeken-wxa.de\/musikkapellehoedeken\/wp-content\/uploads\/2019\/07\/cropped-icon-512x512-1.png","width":512,"height":512,"caption":"Bild vom Dirigenten"},{"@type":"BreadcrumbList","@id":"https:\/\/xn--hdeken-wxa.de\/musikkapellehoedeken\/register\/#breadcrumb","itemListElement":[{"@type":"ListItem","position":1,"name":"Start","item":"https:\/\/xn--hdeken-wxa.de\/musikkapellehoedeken\/"},{"@type":"ListItem","position":2,"name":"Register"}]},{"@type":"WebSite","@id":"https:\/\/xn--hdeken-wxa.de\/musikkapellehoedeken\/#website","url":"https:\/\/xn--hdeken-wxa.de\/musikkapellehoedeken\/","name":"Musikkapelle H\u00f6deken e.V.","description":"","publisher":{"@id":"https:\/\/xn--hdeken-wxa.de\/musikkapellehoedeken\/#organization"},"potentialAction":[{"@type":"SearchAction","target":{"@type":"EntryPoint","urlTemplate":"https:\/\/xn--hdeken-wxa.de\/musikkapellehoedeken\/?s={search_term_string}"},"query-input":{"@type":"PropertyValueSpecification","valueRequired":true,"valueName":"search_term_string"}}],"inLanguage":"de"},{"@type":"Organization","@id":"https:\/\/xn--hdeken-wxa.de\/musikkapellehoedeken\/#organization","name":"Musikkapelle H\u00f6deken e.V.","url":"https:\/\/xn--hdeken-wxa.de\/musikkapellehoedeken\/","logo":{"@type":"ImageObject","inLanguage":"de","@id":"https:\/\/xn--hdeken-wxa.de\/musikkapellehoedeken\/#\/schema\/logo\/image\/","url":"https:\/\/xn--hdeken-wxa.de\/musikkapellehoedeken2026\/wp-content\/uploads\/2019\/07\/icon-512x512.png","contentUrl":"https:\/\/xn--hdeken-wxa.de\/musikkapellehoedeken2026\/wp-content\/uploads\/2019\/07\/icon-512x512.png","width":512,"height":512,"caption":"Musikkapelle H\u00f6deken e.V."},"image":{"@id":"https:\/\/xn--hdeken-wxa.de\/musikkapellehoedeken\/#\/schema\/logo\/image\/"},"sameAs":["https:\/\/www.instagram.com\/musikkapelle_hoedeken\/"]}]}},"_links":{"self":[{"href":"https:\/\/xn--hdeken-wxa.de\/musikkapellehoedeken\/wp-json\/wp\/v2\/pages\/165","targetHints":{"allow":["GET"]}}],"collection":[{"href":"https:\/\/xn--hdeken-wxa.de\/musikkapellehoedeken\/wp-json\/wp\/v2\/pages"}],"about":[{"href":"https:\/\/xn--hdeken-wxa.de\/musikkapellehoedeken\/wp-json\/wp\/v2\/types\/page"}],"author":[{"embeddable":true,"href":"https:\/\/xn--hdeken-wxa.de\/musikkapellehoedeken\/wp-json\/wp\/v2\/users\/1"}],"replies":[{"embeddable":true,"href":"https:\/\/xn--hdeken-wxa.de\/musikkapellehoedeken\/wp-json\/wp\/v2\/comments?post=165"}],"version-history":[{"count":9,"href":"https:\/\/xn--hdeken-wxa.de\/musikkapellehoedeken\/wp-json\/wp\/v2\/pages\/165\/revisions"}],"predecessor-version":[{"id":712,"href":"https:\/\/xn--hdeken-wxa.de\/musikkapellehoedeken\/wp-json\/wp\/v2\/pages\/165\/revisions\/712"}],"wp:attachment":[{"href":"https:\/\/xn--hdeken-wxa.de\/musikkapellehoedeken\/wp-json\/wp\/v2\/media?parent=165"}],"curies":[{"name":"wp","href":"https:\/\/api.w.org\/{rel}","templated":true}]}}