{"id":96,"date":"2026-01-03T20:20:06","date_gmt":"2026-01-03T19:20:06","guid":{"rendered":"https:\/\/xn--hdeken-wxa.de\/musikkapellehoedeken2026\/?p=96"},"modified":"2026-03-22T16:58:54","modified_gmt":"2026-03-22T15:58:54","slug":"bilder-2014","status":"publish","type":"page","link":"https:\/\/xn--hdeken-wxa.de\/musikkapellehoedeken\/bilder-2014\/","title":{"rendered":"Bilder 2014"},"content":{"rendered":"<h1 style=\"text-align: center;\">H\u00f6rt H\u00f6rt Finale am 15.03.2014<\/h1>\n<p style=\"text-align: center;\"><img loading=\"lazy\" decoding=\"async\" class=\" size-full wp-image-88\" title=\"2014_03_15_H\u00f6rtH\u00f6rtFinale\" src=\"https:\/\/xn--hdeken-wxa.de\/musikkapellehoedeken2026\/wp-content\/uploads\/2014\/01\/2014_03_15_HoertHoertFinale.jpg\" alt=\"2014_03_15_H\u00f6rtH\u00f6rtFinale\" width=\"900\" height=\"600\" srcset=\"https:\/\/xn--hdeken-wxa.de\/musikkapellehoedeken\/wp-content\/uploads\/2014\/01\/2014_03_15_HoertHoertFinale.jpg 900w, https:\/\/xn--hdeken-wxa.de\/musikkapellehoedeken\/wp-content\/uploads\/2014\/01\/2014_03_15_HoertHoertFinale-300x200.jpg 300w, https:\/\/xn--hdeken-wxa.de\/musikkapellehoedeken\/wp-content\/uploads\/2014\/01\/2014_03_15_HoertHoertFinale-768x512.jpg 768w\" sizes=\"auto, (max-width: 900px) 100vw, 900px\" \/><\/p>\n<hr \/>\n<h1 style=\"text-align: center;\">Maifer am 01.05.2014<\/h1>\n<p style=\"text-align: center;\"><img loading=\"lazy\" decoding=\"async\" class=\" size-full wp-image-89\" title=\"2014_05_01_Maifeier_Lamspringe\" src=\"https:\/\/xn--hdeken-wxa.de\/musikkapellehoedeken2026\/wp-content\/uploads\/2014\/01\/2014_05_01_Maifeier_Lamspringe.jpg\" alt=\"2014_05_01_Maifeier_Lamspringe\" width=\"800\" height=\"449\" srcset=\"https:\/\/xn--hdeken-wxa.de\/musikkapellehoedeken\/wp-content\/uploads\/2014\/01\/2014_05_01_Maifeier_Lamspringe.jpg 800w, https:\/\/xn--hdeken-wxa.de\/musikkapellehoedeken\/wp-content\/uploads\/2014\/01\/2014_05_01_Maifeier_Lamspringe-300x168.jpg 300w, https:\/\/xn--hdeken-wxa.de\/musikkapellehoedeken\/wp-content\/uploads\/2014\/01\/2014_05_01_Maifeier_Lamspringe-768x431.jpg 768w\" sizes=\"auto, (max-width: 800px) 100vw, 800px\" \/><\/p>\n<hr \/>\n<h1 style=\"text-align: center;\">Festumzug Evensen am 31.05.2014<\/h1>\n<p style=\"text-align: center;\"><img loading=\"lazy\" decoding=\"async\" class=\" size-full wp-image-90\" title=\"2014_05_31_Festumzug_Evensen\" src=\"https:\/\/xn--hdeken-wxa.de\/musikkapellehoedeken2026\/wp-content\/uploads\/2014\/01\/2014_05_31_Festumzug_Evensen.jpg\" alt=\"2014_05_31_Festumzug_Evensen\" width=\"800\" height=\"450\" srcset=\"https:\/\/xn--hdeken-wxa.de\/musikkapellehoedeken\/wp-content\/uploads\/2014\/01\/2014_05_31_Festumzug_Evensen.jpg 800w, https:\/\/xn--hdeken-wxa.de\/musikkapellehoedeken\/wp-content\/uploads\/2014\/01\/2014_05_31_Festumzug_Evensen-300x169.jpg 300w, https:\/\/xn--hdeken-wxa.de\/musikkapellehoedeken\/wp-content\/uploads\/2014\/01\/2014_05_31_Festumzug_Evensen-768x432.jpg 768w\" sizes=\"auto, (max-width: 800px) 100vw, 800px\" \/><\/p>\n<hr \/>\n<h1 style=\"text-align: center;\">Pfingstbier am 08.06.2014<\/h1>\n<p style=\"text-align: center;\"><img loading=\"lazy\" decoding=\"async\" class=\" size-full wp-image-91\" title=\"2014_06_08_Pfingstbier\" src=\"https:\/\/xn--hdeken-wxa.de\/musikkapellehoedeken2026\/wp-content\/uploads\/2014\/01\/2014_06_08_Pfingstbier.jpg\" alt=\"2014_06_08_Pfingstbier\" width=\"800\" height=\"599\" srcset=\"https:\/\/xn--hdeken-wxa.de\/musikkapellehoedeken\/wp-content\/uploads\/2014\/01\/2014_06_08_Pfingstbier.jpg 800w, https:\/\/xn--hdeken-wxa.de\/musikkapellehoedeken\/wp-content\/uploads\/2014\/01\/2014_06_08_Pfingstbier-300x225.jpg 300w, https:\/\/xn--hdeken-wxa.de\/musikkapellehoedeken\/wp-content\/uploads\/2014\/01\/2014_06_08_Pfingstbier-768x575.jpg 768w\" sizes=\"auto, (max-width: 800px) 100vw, 800px\" \/><\/p>\n<hr \/>\n<h1 style=\"text-align: center;\">Katerf\u00fcrhst\u00fcck am 09.06.2014<\/h1>\n<p style=\"text-align: center;\"><img loading=\"lazy\" decoding=\"async\" class=\" size-full wp-image-92\" title=\"2014_06_09_PfingstbierKaterfr\u00fchst\u00fcck\" src=\"https:\/\/xn--hdeken-wxa.de\/musikkapellehoedeken2026\/wp-content\/uploads\/2014\/01\/2014_06_09_PfingstbierKaterfruehstueck.jpg\" alt=\"2014_06_09_PfingstbierKaterfr\u00fchst\u00fcck\" width=\"800\" height=\"450\" srcset=\"https:\/\/xn--hdeken-wxa.de\/musikkapellehoedeken\/wp-content\/uploads\/2014\/01\/2014_06_09_PfingstbierKaterfruehstueck.jpg 800w, https:\/\/xn--hdeken-wxa.de\/musikkapellehoedeken\/wp-content\/uploads\/2014\/01\/2014_06_09_PfingstbierKaterfruehstueck-300x169.jpg 300w, https:\/\/xn--hdeken-wxa.de\/musikkapellehoedeken\/wp-content\/uploads\/2014\/01\/2014_06_09_PfingstbierKaterfruehstueck-768x432.jpg 768w\" sizes=\"auto, (max-width: 800px) 100vw, 800px\" \/><\/p>\n<hr \/>\n<h1 style=\"text-align: center;\">Sommerfest am 01.08.2014<\/h1>\n<p style=\"text-align: center;\"><img loading=\"lazy\" decoding=\"async\" class=\" size-full wp-image-93\" title=\"2014_08_01_Sommerfest\" src=\"https:\/\/xn--hdeken-wxa.de\/musikkapellehoedeken2026\/wp-content\/uploads\/2014\/01\/2014_08_01_Sommerfest.jpg\" alt=\"2014_08_01_Sommerfest\" width=\"800\" height=\"230\" srcset=\"https:\/\/xn--hdeken-wxa.de\/musikkapellehoedeken\/wp-content\/uploads\/2014\/01\/2014_08_01_Sommerfest.jpg 800w, https:\/\/xn--hdeken-wxa.de\/musikkapellehoedeken\/wp-content\/uploads\/2014\/01\/2014_08_01_Sommerfest-300x86.jpg 300w, https:\/\/xn--hdeken-wxa.de\/musikkapellehoedeken\/wp-content\/uploads\/2014\/01\/2014_08_01_Sommerfest-768x221.jpg 768w\" sizes=\"auto, (max-width: 800px) 100vw, 800px\" \/><\/p>\n<hr \/>\n<h1 style=\"text-align: center;\">Kanufahrt im August 2014<\/h1>\n<p style=\"text-align: center;\"><img loading=\"lazy\" decoding=\"async\" class=\" size-full wp-image-94\" title=\"2014_08_XX_Kanufahrt\" src=\"https:\/\/xn--hdeken-wxa.de\/musikkapellehoedeken2026\/wp-content\/uploads\/2014\/01\/2014_08_XX_Kanufahrt.jpg\" alt=\"2014_08_XX_Kanufahrt\" width=\"720\" height=\"540\" srcset=\"https:\/\/xn--hdeken-wxa.de\/musikkapellehoedeken\/wp-content\/uploads\/2014\/01\/2014_08_XX_Kanufahrt.jpg 720w, https:\/\/xn--hdeken-wxa.de\/musikkapellehoedeken\/wp-content\/uploads\/2014\/01\/2014_08_XX_Kanufahrt-300x225.jpg 300w\" sizes=\"auto, (max-width: 720px) 100vw, 720px\" \/><\/p>\n<hr \/>\n<h1 style=\"text-align: center;\">Sch\u00fctzenausmarsch Graste im August 2014<\/h1>\n<p><img loading=\"lazy\" decoding=\"async\" class=\" size-full wp-image-95\" style=\"display: block; margin-left: auto; margin-right: auto;\" title=\"2014_08_XX_Sch\u00fctzenhaus_Graste\" src=\"https:\/\/xn--hdeken-wxa.de\/musikkapellehoedeken2026\/wp-content\/uploads\/2014\/01\/2014_08_XX_Schuetzenhaus_Graste.jpg\" alt=\"2014_08_XX_Sch\u00fctzenhaus_Graste\" width=\"736\" height=\"600\" srcset=\"https:\/\/xn--hdeken-wxa.de\/musikkapellehoedeken\/wp-content\/uploads\/2014\/01\/2014_08_XX_Schuetzenhaus_Graste.jpg 736w, https:\/\/xn--hdeken-wxa.de\/musikkapellehoedeken\/wp-content\/uploads\/2014\/01\/2014_08_XX_Schuetzenhaus_Graste-300x245.jpg 300w\" sizes=\"auto, (max-width: 736px) 100vw, 736px\" \/><\/p>\n<hr \/>\n<p>\u00a0<\/p>\n","protected":false},"excerpt":{"rendered":"<p>H\u00f6rt H\u00f6rt Finale am 15.03.2014 Maifer am 01.05.2014 Festumzug Evensen am 31.05.2014 Pfingstbier am 08.06.2014 Katerf\u00fcrhst\u00fcck am 09.06.2014 Sommerfest am 01.08.2014 Kanufahrt im August 2014 Sch\u00fctzenausmarsch Graste im August 2014 [&hellip;]<\/p>\n","protected":false},"author":1,"featured_media":88,"parent":0,"menu_order":4,"comment_status":"closed","ping_status":"open","template":"","meta":{"footnotes":""},"class_list":["post-96","page","type-page","status-publish","has-post-thumbnail","hentry","entry","has-media"],"yoast_head":"<!-- This site is optimized with the Yoast SEO plugin v27.4 - https:\/\/yoast.com\/product\/yoast-seo-wordpress\/ -->\n<title>Bilder 2014 - Musikkapelle H\u00f6deken e.V.<\/title>\n<meta name=\"robots\" content=\"index, follow, max-snippet:-1, max-image-preview:large, max-video-preview:-1\" \/>\n<link rel=\"canonical\" href=\"https:\/\/xn--hdeken-wxa.de\/musikkapellehoedeken\/bilder-2014\/\" \/>\n<meta property=\"og:locale\" content=\"de_DE\" \/>\n<meta property=\"og:type\" content=\"article\" \/>\n<meta property=\"og:title\" content=\"Bilder 2014 - Musikkapelle H\u00f6deken e.V.\" \/>\n<meta property=\"og:description\" content=\"H\u00f6rt H\u00f6rt Finale am 15.03.2014 Maifer am 01.05.2014 Festumzug Evensen am 31.05.2014 Pfingstbier am 08.06.2014 Katerf\u00fcrhst\u00fcck am 09.06.2014 Sommerfest am 01.08.2014 Kanufahrt im August 2014 Sch\u00fctzenausmarsch Graste im August 2014 [&hellip;]\" \/>\n<meta property=\"og:url\" content=\"https:\/\/xn--hdeken-wxa.de\/musikkapellehoedeken\/bilder-2014\/\" \/>\n<meta property=\"og:site_name\" content=\"Musikkapelle H\u00f6deken e.V.\" \/>\n<meta property=\"article:modified_time\" content=\"2026-03-22T15:58:54+00:00\" \/>\n<meta property=\"og:image\" content=\"https:\/\/xn--hdeken-wxa.de\/musikkapellehoedeken\/wp-content\/uploads\/2014\/01\/2014_03_15_HoertHoertFinale.jpg\" \/>\n\t<meta property=\"og:image:width\" content=\"900\" \/>\n\t<meta property=\"og:image:height\" content=\"600\" \/>\n\t<meta property=\"og:image:type\" content=\"image\/jpeg\" \/>\n<meta name=\"twitter:card\" content=\"summary_large_image\" \/>\n<script type=\"application\/ld+json\" class=\"yoast-schema-graph\">{\"@context\":\"https:\\\/\\\/schema.org\",\"@graph\":[{\"@type\":\"WebPage\",\"@id\":\"https:\\\/\\\/xn--hdeken-wxa.de\\\/musikkapellehoedeken\\\/bilder-2014\\\/\",\"url\":\"https:\\\/\\\/xn--hdeken-wxa.de\\\/musikkapellehoedeken\\\/bilder-2014\\\/\",\"name\":\"Bilder 2014 - Musikkapelle H\u00f6deken e.V.\",\"isPartOf\":{\"@id\":\"https:\\\/\\\/xn--hdeken-wxa.de\\\/musikkapellehoedeken\\\/#website\"},\"primaryImageOfPage\":{\"@id\":\"https:\\\/\\\/xn--hdeken-wxa.de\\\/musikkapellehoedeken\\\/bilder-2014\\\/#primaryimage\"},\"image\":{\"@id\":\"https:\\\/\\\/xn--hdeken-wxa.de\\\/musikkapellehoedeken\\\/bilder-2014\\\/#primaryimage\"},\"thumbnailUrl\":\"https:\\\/\\\/xn--hdeken-wxa.de\\\/musikkapellehoedeken\\\/wp-content\\\/uploads\\\/2014\\\/01\\\/2014_03_15_HoertHoertFinale.jpg\",\"datePublished\":\"2026-01-03T19:20:06+00:00\",\"dateModified\":\"2026-03-22T15:58:54+00:00\",\"breadcrumb\":{\"@id\":\"https:\\\/\\\/xn--hdeken-wxa.de\\\/musikkapellehoedeken\\\/bilder-2014\\\/#breadcrumb\"},\"inLanguage\":\"de\",\"potentialAction\":[{\"@type\":\"ReadAction\",\"target\":[\"https:\\\/\\\/xn--hdeken-wxa.de\\\/musikkapellehoedeken\\\/bilder-2014\\\/\"]}]},{\"@type\":\"ImageObject\",\"inLanguage\":\"de\",\"@id\":\"https:\\\/\\\/xn--hdeken-wxa.de\\\/musikkapellehoedeken\\\/bilder-2014\\\/#primaryimage\",\"url\":\"https:\\\/\\\/xn--hdeken-wxa.de\\\/musikkapellehoedeken\\\/wp-content\\\/uploads\\\/2014\\\/01\\\/2014_03_15_HoertHoertFinale.jpg\",\"contentUrl\":\"https:\\\/\\\/xn--hdeken-wxa.de\\\/musikkapellehoedeken\\\/wp-content\\\/uploads\\\/2014\\\/01\\\/2014_03_15_HoertHoertFinale.jpg\",\"width\":900,\"height\":600,\"caption\":\"2014_03_15_H\u00f6rtH\u00f6rtFinale\"},{\"@type\":\"BreadcrumbList\",\"@id\":\"https:\\\/\\\/xn--hdeken-wxa.de\\\/musikkapellehoedeken\\\/bilder-2014\\\/#breadcrumb\",\"itemListElement\":[{\"@type\":\"ListItem\",\"position\":1,\"name\":\"Start\",\"item\":\"https:\\\/\\\/xn--hdeken-wxa.de\\\/musikkapellehoedeken\\\/\"},{\"@type\":\"ListItem\",\"position\":2,\"name\":\"Bilder 2014\"}]},{\"@type\":\"WebSite\",\"@id\":\"https:\\\/\\\/xn--hdeken-wxa.de\\\/musikkapellehoedeken\\\/#website\",\"url\":\"https:\\\/\\\/xn--hdeken-wxa.de\\\/musikkapellehoedeken\\\/\",\"name\":\"Musikkapelle H\u00f6deken e.V.\",\"description\":\"\",\"publisher\":{\"@id\":\"https:\\\/\\\/xn--hdeken-wxa.de\\\/musikkapellehoedeken\\\/#organization\"},\"potentialAction\":[{\"@type\":\"SearchAction\",\"target\":{\"@type\":\"EntryPoint\",\"urlTemplate\":\"https:\\\/\\\/xn--hdeken-wxa.de\\\/musikkapellehoedeken\\\/?s={search_term_string}\"},\"query-input\":{\"@type\":\"PropertyValueSpecification\",\"valueRequired\":true,\"valueName\":\"search_term_string\"}}],\"inLanguage\":\"de\"},{\"@type\":\"Organization\",\"@id\":\"https:\\\/\\\/xn--hdeken-wxa.de\\\/musikkapellehoedeken\\\/#organization\",\"name\":\"Musikkapelle H\u00f6deken e.V.\",\"url\":\"https:\\\/\\\/xn--hdeken-wxa.de\\\/musikkapellehoedeken\\\/\",\"logo\":{\"@type\":\"ImageObject\",\"inLanguage\":\"de\",\"@id\":\"https:\\\/\\\/xn--hdeken-wxa.de\\\/musikkapellehoedeken\\\/#\\\/schema\\\/logo\\\/image\\\/\",\"url\":\"https:\\\/\\\/xn--hdeken-wxa.de\\\/musikkapellehoedeken2026\\\/wp-content\\\/uploads\\\/2019\\\/07\\\/icon-512x512.png\",\"contentUrl\":\"https:\\\/\\\/xn--hdeken-wxa.de\\\/musikkapellehoedeken2026\\\/wp-content\\\/uploads\\\/2019\\\/07\\\/icon-512x512.png\",\"width\":512,\"height\":512,\"caption\":\"Musikkapelle H\u00f6deken e.V.\"},\"image\":{\"@id\":\"https:\\\/\\\/xn--hdeken-wxa.de\\\/musikkapellehoedeken\\\/#\\\/schema\\\/logo\\\/image\\\/\"},\"sameAs\":[\"https:\\\/\\\/www.instagram.com\\\/musikkapelle_hoedeken\\\/\"]}]}<\/script>\n<!-- \/ Yoast SEO plugin. -->","yoast_head_json":{"title":"Bilder 2014 - Musikkapelle H\u00f6deken e.V.","robots":{"index":"index","follow":"follow","max-snippet":"max-snippet:-1","max-image-preview":"max-image-preview:large","max-video-preview":"max-video-preview:-1"},"canonical":"https:\/\/xn--hdeken-wxa.de\/musikkapellehoedeken\/bilder-2014\/","og_locale":"de_DE","og_type":"article","og_title":"Bilder 2014 - Musikkapelle H\u00f6deken e.V.","og_description":"H\u00f6rt H\u00f6rt Finale am 15.03.2014 Maifer am 01.05.2014 Festumzug Evensen am 31.05.2014 Pfingstbier am 08.06.2014 Katerf\u00fcrhst\u00fcck am 09.06.2014 Sommerfest am 01.08.2014 Kanufahrt im August 2014 Sch\u00fctzenausmarsch Graste im August 2014 [&hellip;]","og_url":"https:\/\/xn--hdeken-wxa.de\/musikkapellehoedeken\/bilder-2014\/","og_site_name":"Musikkapelle H\u00f6deken e.V.","article_modified_time":"2026-03-22T15:58:54+00:00","og_image":[{"width":900,"height":600,"url":"https:\/\/xn--hdeken-wxa.de\/musikkapellehoedeken\/wp-content\/uploads\/2014\/01\/2014_03_15_HoertHoertFinale.jpg","type":"image\/jpeg"}],"twitter_card":"summary_large_image","schema":{"@context":"https:\/\/schema.org","@graph":[{"@type":"WebPage","@id":"https:\/\/xn--hdeken-wxa.de\/musikkapellehoedeken\/bilder-2014\/","url":"https:\/\/xn--hdeken-wxa.de\/musikkapellehoedeken\/bilder-2014\/","name":"Bilder 2014 - Musikkapelle H\u00f6deken e.V.","isPartOf":{"@id":"https:\/\/xn--hdeken-wxa.de\/musikkapellehoedeken\/#website"},"primaryImageOfPage":{"@id":"https:\/\/xn--hdeken-wxa.de\/musikkapellehoedeken\/bilder-2014\/#primaryimage"},"image":{"@id":"https:\/\/xn--hdeken-wxa.de\/musikkapellehoedeken\/bilder-2014\/#primaryimage"},"thumbnailUrl":"https:\/\/xn--hdeken-wxa.de\/musikkapellehoedeken\/wp-content\/uploads\/2014\/01\/2014_03_15_HoertHoertFinale.jpg","datePublished":"2026-01-03T19:20:06+00:00","dateModified":"2026-03-22T15:58:54+00:00","breadcrumb":{"@id":"https:\/\/xn--hdeken-wxa.de\/musikkapellehoedeken\/bilder-2014\/#breadcrumb"},"inLanguage":"de","potentialAction":[{"@type":"ReadAction","target":["https:\/\/xn--hdeken-wxa.de\/musikkapellehoedeken\/bilder-2014\/"]}]},{"@type":"ImageObject","inLanguage":"de","@id":"https:\/\/xn--hdeken-wxa.de\/musikkapellehoedeken\/bilder-2014\/#primaryimage","url":"https:\/\/xn--hdeken-wxa.de\/musikkapellehoedeken\/wp-content\/uploads\/2014\/01\/2014_03_15_HoertHoertFinale.jpg","contentUrl":"https:\/\/xn--hdeken-wxa.de\/musikkapellehoedeken\/wp-content\/uploads\/2014\/01\/2014_03_15_HoertHoertFinale.jpg","width":900,"height":600,"caption":"2014_03_15_H\u00f6rtH\u00f6rtFinale"},{"@type":"BreadcrumbList","@id":"https:\/\/xn--hdeken-wxa.de\/musikkapellehoedeken\/bilder-2014\/#breadcrumb","itemListElement":[{"@type":"ListItem","position":1,"name":"Start","item":"https:\/\/xn--hdeken-wxa.de\/musikkapellehoedeken\/"},{"@type":"ListItem","position":2,"name":"Bilder 2014"}]},{"@type":"WebSite","@id":"https:\/\/xn--hdeken-wxa.de\/musikkapellehoedeken\/#website","url":"https:\/\/xn--hdeken-wxa.de\/musikkapellehoedeken\/","name":"Musikkapelle H\u00f6deken e.V.","description":"","publisher":{"@id":"https:\/\/xn--hdeken-wxa.de\/musikkapellehoedeken\/#organization"},"potentialAction":[{"@type":"SearchAction","target":{"@type":"EntryPoint","urlTemplate":"https:\/\/xn--hdeken-wxa.de\/musikkapellehoedeken\/?s={search_term_string}"},"query-input":{"@type":"PropertyValueSpecification","valueRequired":true,"valueName":"search_term_string"}}],"inLanguage":"de"},{"@type":"Organization","@id":"https:\/\/xn--hdeken-wxa.de\/musikkapellehoedeken\/#organization","name":"Musikkapelle H\u00f6deken e.V.","url":"https:\/\/xn--hdeken-wxa.de\/musikkapellehoedeken\/","logo":{"@type":"ImageObject","inLanguage":"de","@id":"https:\/\/xn--hdeken-wxa.de\/musikkapellehoedeken\/#\/schema\/logo\/image\/","url":"https:\/\/xn--hdeken-wxa.de\/musikkapellehoedeken2026\/wp-content\/uploads\/2019\/07\/icon-512x512.png","contentUrl":"https:\/\/xn--hdeken-wxa.de\/musikkapellehoedeken2026\/wp-content\/uploads\/2019\/07\/icon-512x512.png","width":512,"height":512,"caption":"Musikkapelle H\u00f6deken e.V."},"image":{"@id":"https:\/\/xn--hdeken-wxa.de\/musikkapellehoedeken\/#\/schema\/logo\/image\/"},"sameAs":["https:\/\/www.instagram.com\/musikkapelle_hoedeken\/"]}]}},"_links":{"self":[{"href":"https:\/\/xn--hdeken-wxa.de\/musikkapellehoedeken\/wp-json\/wp\/v2\/pages\/96","targetHints":{"allow":["GET"]}}],"collection":[{"href":"https:\/\/xn--hdeken-wxa.de\/musikkapellehoedeken\/wp-json\/wp\/v2\/pages"}],"about":[{"href":"https:\/\/xn--hdeken-wxa.de\/musikkapellehoedeken\/wp-json\/wp\/v2\/types\/page"}],"author":[{"embeddable":true,"href":"https:\/\/xn--hdeken-wxa.de\/musikkapellehoedeken\/wp-json\/wp\/v2\/users\/1"}],"replies":[{"embeddable":true,"href":"https:\/\/xn--hdeken-wxa.de\/musikkapellehoedeken\/wp-json\/wp\/v2\/comments?post=96"}],"version-history":[{"count":1,"href":"https:\/\/xn--hdeken-wxa.de\/musikkapellehoedeken\/wp-json\/wp\/v2\/pages\/96\/revisions"}],"predecessor-version":[{"id":189,"href":"https:\/\/xn--hdeken-wxa.de\/musikkapellehoedeken\/wp-json\/wp\/v2\/pages\/96\/revisions\/189"}],"wp:featuredmedia":[{"embeddable":true,"href":"https:\/\/xn--hdeken-wxa.de\/musikkapellehoedeken\/wp-json\/wp\/v2\/media\/88"}],"wp:attachment":[{"href":"https:\/\/xn--hdeken-wxa.de\/musikkapellehoedeken\/wp-json\/wp\/v2\/media?parent=96"}],"curies":[{"name":"wp","href":"https:\/\/api.w.org\/{rel}","templated":true}]}}